{"id":1043,"date":"2016-06-27T15:22:07","date_gmt":"2016-06-27T15:22:07","guid":{"rendered":"http:\/\/assemble.edge-themes.com\/?page_id=1043"},"modified":"2025-04-21T21:38:10","modified_gmt":"2025-04-21T19:38:10","slug":"faq","status":"publish","type":"page","link":"https:\/\/www.autoflimmern.de\/?page_id=1043","title":{"rendered":"FAQ"},"content":{"rendered":"<section class=\"wpb-content-wrapper\"><p>[vc_row content_text_aligment=&#8220;&#8220; use_row_as_full_screen_section=&#8220;no&#8220;][vc_column css=&#8220;.vc_custom_1539939772327{padding-bottom: 200px !important;}&#8220;][vc_row_inner content_text_aligment=&#8220;&#8220; css=&#8220;.vc_custom_1467102532369{margin-right: 0px !important;margin-left: 0px !important;}&#8220;][vc_column_inner css=&#8220;.vc_custom_1539952635188{padding-top: 200px !important;padding-right: 0px !important;padding-left: 100px !important;}&#8220; offset=&#8220;vc_col-md-6&#8243;][vc_single_image image=&#8220;4349&#8243; img_size=&#8220;large&#8220;][\/vc_column_inner][vc_column_inner css=&#8220;.vc_custom_1467200940727{padding-right: 0px !important;padding-left: 0px !important;}&#8220; offset=&#8220;vc_col-md-6&#8243;]<div class=\"edgtf-elements-holder edgtf-one-column edgtf-responsive-mode-768\" ><div class=\"edgtf-eh-item edgtf-vertical-alignment-middle edgtf-horizontal-alignment-left\"  data-item-class=\"edgtf-eh-custom-817386\" data-1280-1600=\"18.7% 7.5% 10% 7.5%\" data-1024-1280=\"12% 5% 7% 5%\" data-768-1024=\"0% 5% 0% 5%\" data-600-768=\"3% 12% 5% 12%\" data-480-600=\"19.7% 3% 29% 3%\" data-480=\"19.7% 3% 29% 3%\">\n\t<div class=\"edgtf-eh-item-inner\">\n\t\t<div class=\"edgtf-eh-item-content edgtf-eh-custom-817386\" style=\"padding: 19.7% 12.5% 10% 12.5%\">\n\t\t\t[vc_column_text]<\/p>\n<h1>FAQs<\/h1>\n<p>[\/vc_column_text][vc_separator color=&#8220;white&#8220; css=&#8220;.vc_custom_1467196846222{padding-top: 5.8% !important;}&#8220;]<div class=\"edgtf-accordion-holder clearfix edgtf-ac-default edgtf-accordion \">\n\t<h4 class=\"clearfix edgtf-title-holder\">\n    <span class=\"edgtf-accordion-mark\">\n\t\t<span class=\"edgtf-accordion-mark-icon\">\n\t\t\t<span class=\"edgtf_icon_plus icon-arrows-plus\"><\/span>\n\t\t\t<span class=\"edgtf_icon_minus icon-arrows-minus\"><\/span>\n\t\t<\/span>\n\t<\/span>\n\t<span class=\"edgtf-tab-title\">Welche Voraussetzungen muss mein Fahrzeug f\u00fcr das Autokino erf\u00fcllen?<\/span>\n<\/h4>\n<div class=\"edgtf-accordion-content\">\n\t<div class=\"edgtf-accordion-content-inner\">\n\t\t[vc_column_text]<\/p>\n<p class=\"p1\"><span class=\"s1\">Pkw mit einer Fahrzeugh\u00f6he von bis zu 1,60 Meter k\u00f6nnen in der Mitte parken alle h\u00f6heren Autos m\u00fcssen wir an den Rand stellen. Da der Filmsound direkt ins Auto \u00fcbertragen wird, ist au\u00dferdem ein funktionierendes UKW-Radio mit manuell einstellbaren Frequenzen notwendig. Wir sende auf 94,5 MHZ.<\/span><\/p>\n<p>[\/vc_column_text]\t<\/div>\n<\/div><h4 class=\"clearfix edgtf-title-holder\">\n    <span class=\"edgtf-accordion-mark\">\n\t\t<span class=\"edgtf-accordion-mark-icon\">\n\t\t\t<span class=\"edgtf_icon_plus icon-arrows-plus\"><\/span>\n\t\t\t<span class=\"edgtf_icon_minus icon-arrows-minus\"><\/span>\n\t\t<\/span>\n\t<\/span>\n\t<span class=\"edgtf-tab-title\">Wie kommt der Filmton in mein Auto?<\/span>\n<\/h4>\n<div class=\"edgtf-accordion-content\">\n\t<div class=\"edgtf-accordion-content-inner\">\n\t\t[vc_column_text]<\/p>\n<p class=\"p1\"><span class=\"s1\">Wir \u00fcbertragen den Filmton per UKW-Sender direkt in euer Auto. Dazu m\u00fcsst ihr an eurem Autoradio lediglich eine unsere Frequenz 94,5 MHZ einstellen.<\/span><\/p>\n<p>[\/vc_column_text]\t<\/div>\n<\/div><h4 class=\"clearfix edgtf-title-holder\">\n    <span class=\"edgtf-accordion-mark\">\n\t\t<span class=\"edgtf-accordion-mark-icon\">\n\t\t\t<span class=\"edgtf_icon_plus icon-arrows-plus\"><\/span>\n\t\t\t<span class=\"edgtf_icon_minus icon-arrows-minus\"><\/span>\n\t\t<\/span>\n\t<\/span>\n\t<span class=\"edgtf-tab-title\">Darf ich mit einem SUV oder einem Van auf das Gel\u00e4nde?<\/span>\n<\/h4>\n<div class=\"edgtf-accordion-content\">\n\t<div class=\"edgtf-accordion-content-inner\">\n\t\t[vc_column_text]<\/p>\n<p class=\"p1\"><span class=\"s1\">Solange er nicht h\u00f6her ist als 1,60 Meter k\u00f6nnt ihr in der Mitte parken. Autos \u00fcber 1,60 Meter m\u00fcssen wir an den Rand stellen.\u00a0<\/span><\/p>\n<p>[\/vc_column_text]\t<\/div>\n<\/div><h4 class=\"clearfix edgtf-title-holder\">\n    <span class=\"edgtf-accordion-mark\">\n\t\t<span class=\"edgtf-accordion-mark-icon\">\n\t\t\t<span class=\"edgtf_icon_plus icon-arrows-plus\"><\/span>\n\t\t\t<span class=\"edgtf_icon_minus icon-arrows-minus\"><\/span>\n\t\t<\/span>\n\t<\/span>\n\t<span class=\"edgtf-tab-title\">Was kosten die Ticket?<\/span>\n<\/h4>\n<div class=\"edgtf-accordion-content\">\n\t<div class=\"edgtf-accordion-content-inner\">\n\t\t[vc_column_text]<\/p>\n<p class=\"p1\"><span class=\"s1\">Ein Ticket kostet 12,80 Euro pro Person + Online-Ticket Geb\u00fchr (Bitte immer 2 Tickets f\u00fcr ein Auto gleichzeitig kaufen damit wir den \u00dcberblick haben).<\/span><\/p>\n<p>[\/vc_column_text]\t<\/div>\n<\/div><h4 class=\"clearfix edgtf-title-holder\">\n    <span class=\"edgtf-accordion-mark\">\n\t\t<span class=\"edgtf-accordion-mark-icon\">\n\t\t\t<span class=\"edgtf_icon_plus icon-arrows-plus\"><\/span>\n\t\t\t<span class=\"edgtf_icon_minus icon-arrows-minus\"><\/span>\n\t\t<\/span>\n\t<\/span>\n\t<span class=\"edgtf-tab-title\">Gibt es Essen &amp; Trinken vor Ort?<\/span>\n<\/h4>\n<div class=\"edgtf-accordion-content\">\n\t<div class=\"edgtf-accordion-content-inner\">\n\t\t[vc_column_text]<\/p>\n<p class=\"p1\">Wir haben leckere Pinsa, frisch vom Steinbackofen, Popcorn &amp; Nachos sowie Now-Biolimonaden und alkoholfreies Bier f\u00fcr Euch.<\/p>\n<p>[\/vc_column_text]\t<\/div>\n<\/div><h4 class=\"clearfix edgtf-title-holder\">\n    <span class=\"edgtf-accordion-mark\">\n\t\t<span class=\"edgtf-accordion-mark-icon\">\n\t\t\t<span class=\"edgtf_icon_plus icon-arrows-plus\"><\/span>\n\t\t\t<span class=\"edgtf_icon_minus icon-arrows-minus\"><\/span>\n\t\t<\/span>\n\t<\/span>\n\t<span class=\"edgtf-tab-title\">Gibt es sanit\u00e4re Anlagen auf dem Gel\u00e4nde?<\/span>\n<\/h4>\n<div class=\"edgtf-accordion-content\">\n\t<div class=\"edgtf-accordion-content-inner\">\n\t\t[vc_column_text]<\/p>\n<p class=\"p1\"><span class=\"s1\">Selbstverst\u00e4ndlich stellen wir ausreichend sanit\u00e4re Anlagen zur Verf\u00fcgung.<\/span><\/p>\n<p>[\/vc_column_text]\t<\/div>\n<\/div><h4 class=\"clearfix edgtf-title-holder\">\n    <span class=\"edgtf-accordion-mark\">\n\t\t<span class=\"edgtf-accordion-mark-icon\">\n\t\t\t<span class=\"edgtf_icon_plus icon-arrows-plus\"><\/span>\n\t\t\t<span class=\"edgtf_icon_minus icon-arrows-minus\"><\/span>\n\t\t<\/span>\n\t<\/span>\n\t<span class=\"edgtf-tab-title\">Was passiert, wenn meine Autobatterie den Geist aufgibt?<\/span>\n<\/h4>\n<div class=\"edgtf-accordion-content\">\n\t<div class=\"edgtf-accordion-content-inner\">\n\t\t[vc_column_text]<\/p>\n<p class=\"p1\"><span class=\"s1\">Keine Sorge, wir leisten in diesem Fall zuverl\u00e4ssig Pannenhilfe. Unter anderem haben wir einen \u00dcberbr\u00fcckungsservice vor Ort.<\/span><\/p>\n<p>[\/vc_column_text]\t<\/div>\n<\/div><h4 class=\"clearfix edgtf-title-holder\">\n    <span class=\"edgtf-accordion-mark\">\n\t\t<span class=\"edgtf-accordion-mark-icon\">\n\t\t\t<span class=\"edgtf_icon_plus icon-arrows-plus\"><\/span>\n\t\t\t<span class=\"edgtf_icon_minus icon-arrows-minus\"><\/span>\n\t\t<\/span>\n\t<\/span>\n\t<span class=\"edgtf-tab-title\">Woher wei\u00df ich, wo ich parken muss?<\/span>\n<\/h4>\n<div class=\"edgtf-accordion-content\">\n\t<div class=\"edgtf-accordion-content-inner\">\n\t\t[vc_column_text]<\/p>\n<p class=\"p1\"><span class=\"s1\">Die Vergabe der Stellpl\u00e4tze erfolgt direkt vor Ort durch unsere Parkeinweiser.<\/span><\/p>\n<p>[\/vc_column_text]\t<\/div>\n<\/div><h4 class=\"clearfix edgtf-title-holder\">\n    <span class=\"edgtf-accordion-mark\">\n\t\t<span class=\"edgtf-accordion-mark-icon\">\n\t\t\t<span class=\"edgtf_icon_plus icon-arrows-plus\"><\/span>\n\t\t\t<span class=\"edgtf_icon_minus icon-arrows-minus\"><\/span>\n\t\t<\/span>\n\t<\/span>\n\t<span class=\"edgtf-tab-title\">Kann ich auch spezielle Stellpl\u00e4tze reservieren?<\/span>\n<\/h4>\n<div class=\"edgtf-accordion-content\">\n\t<div class=\"edgtf-accordion-content-inner\">\n\t\t[vc_column_text]<\/p>\n<p class=\"p1\"><span class=\"s1\">Das ist leider nicht m\u00f6glich.<\/span><\/p>\n<p>[\/vc_column_text]\t<\/div>\n<\/div><h4 class=\"clearfix edgtf-title-holder\">\n    <span class=\"edgtf-accordion-mark\">\n\t\t<span class=\"edgtf-accordion-mark-icon\">\n\t\t\t<span class=\"edgtf_icon_plus icon-arrows-plus\"><\/span>\n\t\t\t<span class=\"edgtf_icon_minus icon-arrows-minus\"><\/span>\n\t\t<\/span>\n\t<\/span>\n\t<span class=\"edgtf-tab-title\">D\u00fcrfen Kinder und Jugendliche ins Autokino?<\/span>\n<\/h4>\n<div class=\"edgtf-accordion-content\">\n\t<div class=\"edgtf-accordion-content-inner\">\n\t\t[vc_column_text]<\/p>\n<p class=\"p1\"><span class=\"s1\">Kinder und Jugendliche unter 18 Jahren k\u00f6nnen in Begleitung Ihrer Eltern nat\u00fcrlich in unser Autokino. Es gilt allerdings in jedem Fall, die FSK-Freigabe des jeweiligen Films zu beachten.\u00a0<\/span><\/p>\n<p>[\/vc_column_text]\t<\/div>\n<\/div><\/div>\t\t<\/div>\n\t<\/div>\n<\/div><\/div>[\/vc_column_inner][\/vc_row_inner][\/vc_column][\/vc_row]<\/p>\n<\/section>","protected":false},"excerpt":{"rendered":"<p>[vc_row content_text_aligment=&#8220;&#8220; use_row_as_full_screen_section=&#8220;no&#8220;][vc_column css=&#8220;.vc_custom_1539939772327{padding-bottom: 200px !important;}&#8220;][vc_row_inner content_text_aligment=&#8220;&#8220; css=&#8220;.vc_custom_1467102532369{margin-right: 0px !important;margin-left: 0px !important;}&#8220;][vc_column_inner css=&#8220;.vc_custom_1539952635188{padding-top: 200px !important;padding-right: 0px !important;padding-left: 100px !important;}&#8220; offset=&#8220;vc_col-md-6&#8243;][vc_single_image image=&#8220;4349&#8243; img_size=&#8220;large&#8220;][\/vc_column_inner][vc_column_inner css=&#8220;.vc_custom_1467200940727{padding-right: 0px !important;padding-left: 0px !important;}&#8220; offset=&#8220;vc_col-md-6&#8243;][\/vc_column_inner][\/vc_row_inner][\/vc_column][\/vc_row]<\/p>\n","protected":false},"author":1,"featured_media":0,"parent":0,"menu_order":0,"comment_status":"closed","ping_status":"closed","template":"full-width.php","meta":{"footnotes":""},"class_list":["post-1043","page","type-page","status-publish","hentry"],"_links":{"self":[{"href":"https:\/\/www.autoflimmern.de\/index.php?rest_route=\/wp\/v2\/pages\/1043","targetHints":{"allow":["GET"]}}],"collection":[{"href":"https:\/\/www.autoflimmern.de\/index.php?rest_route=\/wp\/v2\/pages"}],"about":[{"href":"https:\/\/www.autoflimmern.de\/index.php?rest_route=\/wp\/v2\/types\/page"}],"author":[{"embeddable":true,"href":"https:\/\/www.autoflimmern.de\/index.php?rest_route=\/wp\/v2\/users\/1"}],"replies":[{"embeddable":true,"href":"https:\/\/www.autoflimmern.de\/index.php?rest_route=%2Fwp%2Fv2%2Fcomments&post=1043"}],"version-history":[{"count":33,"href":"https:\/\/www.autoflimmern.de\/index.php?rest_route=\/wp\/v2\/pages\/1043\/revisions"}],"predecessor-version":[{"id":4749,"href":"https:\/\/www.autoflimmern.de\/index.php?rest_route=\/wp\/v2\/pages\/1043\/revisions\/4749"}],"wp:attachment":[{"href":"https:\/\/www.autoflimmern.de\/index.php?rest_route=%2Fwp%2Fv2%2Fmedia&parent=1043"}],"curies":[{"name":"wp","href":"https:\/\/api.w.org\/{rel}","templated":true}]}}