{"id":38,"date":"2015-01-09T14:57:53","date_gmt":"2015-01-09T12:57:53","guid":{"rendered":"http:\/\/www.autoflimmern.de\/?page_id=38"},"modified":"2025-04-21T21:37:42","modified_gmt":"2025-04-21T19:37:42","slug":"infos","status":"publish","type":"page","link":"https:\/\/www.autoflimmern.de\/?page_id=38","title":{"rendered":"Infos"},"content":{"rendered":"<section class=\"wpb-content-wrapper\"><p>[vc_row content_text_aligment=&#8220;&#8220; use_row_as_full_screen_section=&#8220;no&#8220;][vc_column][vc_single_image image=&#8220;4355&#8243; img_size=&#8220;2000&#215;700&#8243; alignment=&#8220;center&#8220;][vc_column_text css=&#8220;.vc_custom_1539944491927{padding-top: 20px !important;padding-bottom: 40px !important;}&#8220;]<\/p>\n<h2 style=\"text-align: center;\"><strong>Informationen<\/strong><\/h2>\n<p>[\/vc_column_text][\/vc_column][\/vc_row][vc_row content_text_aligment=&#8220;&#8220; use_row_as_full_screen_section=&#8220;no&#8220; css=&#8220;.vc_custom_1539939825138{padding-bottom: 200px !important;}&#8220;][vc_column width=&#8220;1\/2&#8243;][vc_column_text]<\/p>\n<h3><span style=\"color: #333333;\"><strong>Location<\/strong><\/span><\/h3>\n<p><span style=\"color: #333333;\">Das Autoflimmern findet auf dem Dallenbergbad-Parkplatz\u00a0statt.<\/span><\/p>\n<p>&nbsp;<\/p>\n<h3><span style=\"color: #333333;\"><strong>Essen &amp; Trinken<\/strong><\/span><\/h3>\n<p>Wir haben leckere Pinsa, frisch vom Steinbackofen, Popcorn &amp; Nachos sowie Now-Biolimonaden und alkoholfreies Bier f\u00fcr Euch.<\/p>\n<h3><span style=\"color: #333333;\"><strong>Ablauf<\/strong><\/span><\/h3>\n<ul>\n<li><span style=\"color: #333333;\">Der Einlass auf das Gel\u00e4nde des Dallenbergbadparkplatzes beginnt jeweils um 19:15 Uhr.<\/span><\/li>\n<li><span style=\"color: #333333;\">Filmstart ist gegen 20 Uhr, je nach Dunkelheit. Wir empfehlen Euch, etwas vorher einzutreffen, damit noch alle entspannt Platz finden.<\/span><\/li>\n<li><span style=\"color: #333333;\">Unsere Parkeinweiser werden Euch dann Euren Stellplatz zuweisen\u2028W\u00e4hrend der Vergabe der Stellpl\u00e4tze gibt es keine bevorzugte Behandlung \u2013 ganz gleich, ob Ihr in der getunten Luxuslimousine anrollt oder im Fred-Feuerstein-Mobil. Beim Autokino sind alle Autofahrer gleich.<\/span><\/li>\n<li><span style=\"color: #333333;\">Nach Filmende werden unsere Parkeinweiser daf\u00fcr sorgen, dass alle Fahrzeuge das Gel\u00e4nde geordnet verlassen k\u00f6nnen. Wir bitten Euch deshalb auch im Interesse der Anwohner, den Anweisungen unseres Personals zu folgen.<\/span><\/li>\n<li><span style=\"color: #333333;\"><strong>AUF DIE SCHNELLE: \u2022 Einlass ab 19:15 Uhr\u2028\u2022 Filmbeginn ca. 20:30 Uhr, je nach Dunkelheit\u2028 \u2022 Vergabe der Stellpl\u00e4tze erst direkt vor Ort<\/strong><\/span><\/li>\n<\/ul>\n<p>[\/vc_column_text][\/vc_column][vc_column width=&#8220;1\/2&#8243;][vc_column_text]<\/p>\n<h3><strong>Technische Infos<\/strong><\/h3>\n<p>Den Filmton \u00fcbertragen wir mit modernsten UKW-Sendern auf der 94,5 MHZ direkt in Euer Fahrzeug. Daf\u00fcr m\u00fcsst Ihr am Autoradio lediglich eine bestimmte Frequenz einstellen. Diese erfahrt Ihr direkt vor Ort.<\/p>\n<p>Wie ihr eine manuelle Senderfrequenz anw\u00e4hlt, lest Ihr am besten vorher in der Bedienungsanleitung nach. Nat\u00fcrlich stehen wir Euch vor Ort auch mit Rat und Tat zu Seite, falls etwas nicht klappen sollte.<\/p>\n<p>Unser Tipp: Zwar sollte eine \u201egesunde\u201c Autobatterie die zweist\u00fcndige Belastung problemlos wegstecken \u2013 wir empfehlen Euch aber, das Radio nicht zu laut aufzudrehen, da die Batterie sonst unn\u00f6tig strapaziert wird. Sollte Euer Wagen im schlimmsten Fall nach Filmende nicht mehr anspringen bieten wir vor Ort einen \u00dcberbr\u00fcckungsservice. Der Motor darf w\u00e4hrend der Vorstellung nicht laufen!<\/p>\n<p><strong>AUF DIE SCHNELLE \u2028\u2022 Filmton bequem auf der 94,5 MHZ per UKW direkt ins Autoradio\u2028 \u2022 F\u00fcr den Fall der F\u00e4lle Starthilfe vor Ort<\/strong><\/p>\n<p>&nbsp;<\/p>\n<h3><\/h3>\n<p><span style=\"color: #333333;\">SIE WOLLEN EIN MOBILES AUTOKINO SELBST VERANSTALTEN:<\/span><\/p>\n<p><a href=\"http:\/\/www.open-air-kino-mieten.de\/\" target=\"_blank\" rel=\"noopener noreferrer\">OPENAIR KINO TECHNIK MIETEN<\/a><\/p>\n<p><a href=\"https:\/\/www.open-air-kino-mieten.de\/autokino-mieten\/\" target=\"_blank\" rel=\"noopener noreferrer\">AUTOKINO TECHNIK MIETEN<\/a>[\/vc_column_text][\/vc_column][\/vc_row]<\/p>\n<\/section>","protected":false},"excerpt":{"rendered":"<p>[vc_row content_text_aligment=&#8220;&#8220; use_row_as_full_screen_section=&#8220;no&#8220;][vc_column][vc_single_image image=&#8220;4355&#8243; img_size=&#8220;2000&#215;700&#8243; alignment=&#8220;center&#8220;][vc_column_text css=&#8220;.vc_custom_1539944491927{padding-top: 20px !important;padding-bottom: 40px !important;}&#8220;] Informationen [\/vc_column_text][\/vc_column][\/vc_row][vc_row content_text_aligment=&#8220;&#8220; use_row_as_full_screen_section=&#8220;no&#8220; css=&#8220;.vc_custom_1539939825138{padding-bottom: 200px !important;}&#8220;][vc_column width=&#8220;1\/2&#8243;][vc_column_text] Location Das Autoflimmern findet auf dem Dallenbergbad-Parkplatz\u00a0statt. &nbsp; Essen &amp; Trinken Wir haben leckere Pinsa, frisch vom Steinbackofen, Popcorn &amp; Nachos sowie Now-Biolimonaden und alkoholfreies Bier [&hellip;]<\/p>\n","protected":false},"author":1,"featured_media":0,"parent":0,"menu_order":0,"comment_status":"open","ping_status":"open","template":"","meta":{"footnotes":""},"class_list":["post-38","page","type-page","status-publish","hentry"],"_links":{"self":[{"href":"https:\/\/www.autoflimmern.de\/index.php?rest_route=\/wp\/v2\/pages\/38","targetHints":{"allow":["GET"]}}],"collection":[{"href":"https:\/\/www.autoflimmern.de\/index.php?rest_route=\/wp\/v2\/pages"}],"about":[{"href":"https:\/\/www.autoflimmern.de\/index.php?rest_route=\/wp\/v2\/types\/page"}],"author":[{"embeddable":true,"href":"https:\/\/www.autoflimmern.de\/index.php?rest_route=\/wp\/v2\/users\/1"}],"replies":[{"embeddable":true,"href":"https:\/\/www.autoflimmern.de\/index.php?rest_route=%2Fwp%2Fv2%2Fcomments&post=38"}],"version-history":[{"count":56,"href":"https:\/\/www.autoflimmern.de\/index.php?rest_route=\/wp\/v2\/pages\/38\/revisions"}],"predecessor-version":[{"id":4748,"href":"https:\/\/www.autoflimmern.de\/index.php?rest_route=\/wp\/v2\/pages\/38\/revisions\/4748"}],"wp:attachment":[{"href":"https:\/\/www.autoflimmern.de\/index.php?rest_route=%2Fwp%2Fv2%2Fmedia&parent=38"}],"curies":[{"name":"wp","href":"https:\/\/api.w.org\/{rel}","templated":true}]}}