{"id":42,"date":"2015-09-24T14:49:42","date_gmt":"2015-09-24T12:49:42","guid":{"rendered":"http:\/\/www.autoflimmern.de\/?page_id=42"},"modified":"2021-05-10T00:00:09","modified_gmt":"2021-05-09T22:00:09","slug":"tickets","status":"publish","type":"page","link":"https:\/\/www.autoflimmern.de\/?page_id=42","title":{"rendered":"Tickets"},"content":{"rendered":"<section class=\"wpb-content-wrapper\"><p>[vc_row content_text_aligment=&#8220;&#8220; use_row_as_full_screen_section=&#8220;no&#8220; css=&#8220;.vc_custom_1539938351911{padding-bottom: 300px !important;}&#8220;][vc_column width=&#8220;1\/2&#8243; css=&#8220;.vc_custom_1539938569629{padding-top: 40px !important;}&#8220;][vc_single_image image=&#8220;26&#8243; img_size=&#8220;full&#8220;][\/vc_column][vc_column width=&#8220;1\/2&#8243;][vc_column_text]<\/p>\n<h1>Tickets<\/h1>\n<h3><\/h3>\n<h3><span style=\"color: #e6a100;\"><a style=\"color: #e6a100;\" href=\"https:\/\/ticket.die-eine.de\/\" target=\"_blank\" rel=\"noopener noreferrer\">-&gt; ONLINE TICKETS HIER KLICKEN! &lt;-<\/a><\/span><\/h3>\n<p><span class=\"Apple-style-span\" style=\"font-weight: bold;\">Die hei\u00df begehrten Tickets k\u00f6nnt Ihr euch ausschlie\u00dflich hier in unserem Online-Shop sichern \u2013 entweder zum Selbstausdrucken oder als praktisches E-Ticket f\u00fcrs Smartphone. Es findet kein separater Vorverkauf statt und es gibt auch keine Abendkasse.\u00a0<\/span><\/p>\n<p>Damit wir allen Filmfans ein bestm\u00f6gliches Autokino-Erlebnis bieten k\u00f6nnen, ist die maximale Fahrzeugh\u00f6he auf 1,60 Meter begrenzt. H\u00f6here SUV- und Multivan-Fahrer kommen am besten gleich im kleineren Zweitwagen oder m\u00fcssen am Rand parken.<\/p>\n<p>Wie im \u201enormalen\u201c Kino auch k\u00f6nnt Ihr Euch Eure Vorderm\u00e4nner und Nachbarn leider nicht aussuchen. Es gibt deshalb keine Garantie auf perfekte Sicht. Die Stellpl\u00e4tze werden direkt vor Ort durch unsere Parkeinweiser Reihe f\u00fcr Reihe zugeteilt.<\/p>\n<p>Bitte die FSK Freigabe immer beachten.<\/p>\n<p><strong>\u2022 Tickets nur online \u2028\u2022 Ticketpreis 12.- pro Person + VVK-Geb\u00fchr (Bitte immer mind. 2 Tickets = 1 PKW zusammen kaufen, damit wir besser planen k\u00f6nnen) \u2022\u00a0 H\u00f6here Autos als 1,60 m (SUV, Busse &amp; Co.) werden am Rand geparkt.<\/strong>[\/vc_column_text][\/vc_column][\/vc_row]<\/p>\n<\/section>","protected":false},"excerpt":{"rendered":"<p>[vc_row content_text_aligment=&#8220;&#8220; use_row_as_full_screen_section=&#8220;no&#8220; css=&#8220;.vc_custom_1539938351911{padding-bottom: 300px !important;}&#8220;][vc_column width=&#8220;1\/2&#8243; css=&#8220;.vc_custom_1539938569629{padding-top: 40px !important;}&#8220;][vc_single_image image=&#8220;26&#8243; img_size=&#8220;full&#8220;][\/vc_column][vc_column width=&#8220;1\/2&#8243;][vc_column_text] Tickets -&gt; ONLINE TICKETS HIER KLICKEN! &lt;- Die hei\u00df begehrten Tickets k\u00f6nnt Ihr euch ausschlie\u00dflich hier in unserem Online-Shop sichern \u2013 entweder zum Selbstausdrucken oder als praktisches E-Ticket f\u00fcrs Smartphone. Es findet [&hellip;]<\/p>\n","protected":false},"author":1,"featured_media":0,"parent":0,"menu_order":0,"comment_status":"open","ping_status":"open","template":"","meta":{"footnotes":""},"class_list":["post-42","page","type-page","status-publish","hentry"],"_links":{"self":[{"href":"https:\/\/www.autoflimmern.de\/index.php?rest_route=\/wp\/v2\/pages\/42","targetHints":{"allow":["GET"]}}],"collection":[{"href":"https:\/\/www.autoflimmern.de\/index.php?rest_route=\/wp\/v2\/pages"}],"about":[{"href":"https:\/\/www.autoflimmern.de\/index.php?rest_route=\/wp\/v2\/types\/page"}],"author":[{"embeddable":true,"href":"https:\/\/www.autoflimmern.de\/index.php?rest_route=\/wp\/v2\/users\/1"}],"replies":[{"embeddable":true,"href":"https:\/\/www.autoflimmern.de\/index.php?rest_route=%2Fwp%2Fv2%2Fcomments&post=42"}],"version-history":[{"count":25,"href":"https:\/\/www.autoflimmern.de\/index.php?rest_route=\/wp\/v2\/pages\/42\/revisions"}],"predecessor-version":[{"id":4678,"href":"https:\/\/www.autoflimmern.de\/index.php?rest_route=\/wp\/v2\/pages\/42\/revisions\/4678"}],"wp:attachment":[{"href":"https:\/\/www.autoflimmern.de\/index.php?rest_route=%2Fwp%2Fv2%2Fmedia&parent=42"}],"curies":[{"name":"wp","href":"https:\/\/api.w.org\/{rel}","templated":true}]}}