{"id":44,"date":"2015-01-09T15:01:00","date_gmt":"2015-01-09T13:01:00","guid":{"rendered":"http:\/\/www.autoflimmern.de\/?page_id=44"},"modified":"2025-04-18T13:30:18","modified_gmt":"2025-04-18T11:30:18","slug":"sponsoren","status":"publish","type":"page","link":"https:\/\/www.autoflimmern.de\/?page_id=44","title":{"rendered":"Sponsoren"},"content":{"rendered":"<section class=\"wpb-content-wrapper\"><p>[vc_row content_text_aligment=&#8220;&#8220; use_row_as_full_screen_section=&#8220;no&#8220; css=&#8220;.vc_custom_1539940069478{padding-bottom: 400px !important;}&#8220;][vc_column width=&#8220;1\/2&#8243;][vc_column_text]<\/p>\n<h2>Sponsoren<\/h2>\n<h3>Ein ganz gro\u00dfer Dank, geht an unsere Sponsoren die das Autoflimmern so gro\u00dfartig unterst\u00fctzen und es \u00fcberhaupt erm\u00f6glichen! Vielen, vielen Dank!<\/h3>\n<div class=\"_nBb\">\n<p>\u200e<\/p>\n<div tabindex=\"0\" data-ved=\"0ahUKEwjewsyJ2aTMAhXlLsAKHev-AUgQ7B0IcjAM\"><\/div>\n<\/div>\n<p>[\/vc_column_text][\/vc_column][vc_column width=&#8220;1\/2&#8243;][vc_single_image image=&#8220;4745&#8243; img_size=&#8220;full&#8220;][vc_single_image image=&#8220;4739&#8243; img_size=&#8220;full&#8220;][\/vc_column][\/vc_row]<\/p>\n<\/section>","protected":false},"excerpt":{"rendered":"<p>[vc_row content_text_aligment=&#8220;&#8220; use_row_as_full_screen_section=&#8220;no&#8220; css=&#8220;.vc_custom_1539940069478{padding-bottom: 400px !important;}&#8220;][vc_column width=&#8220;1\/2&#8243;][vc_column_text] Sponsoren Ein ganz gro\u00dfer Dank, geht an unsere Sponsoren die das Autoflimmern so gro\u00dfartig unterst\u00fctzen und es \u00fcberhaupt erm\u00f6glichen! Vielen, vielen Dank! \u200e [\/vc_column_text][\/vc_column][vc_column width=&#8220;1\/2&#8243;][vc_single_image image=&#8220;4745&#8243; img_size=&#8220;full&#8220;][vc_single_image image=&#8220;4739&#8243; img_size=&#8220;full&#8220;][\/vc_column][\/vc_row]<\/p>\n","protected":false},"author":1,"featured_media":45,"parent":0,"menu_order":0,"comment_status":"open","ping_status":"open","template":"","meta":{"footnotes":""},"class_list":["post-44","page","type-page","status-publish","has-post-thumbnail","hentry"],"_links":{"self":[{"href":"https:\/\/www.autoflimmern.de\/index.php?rest_route=\/wp\/v2\/pages\/44","targetHints":{"allow":["GET"]}}],"collection":[{"href":"https:\/\/www.autoflimmern.de\/index.php?rest_route=\/wp\/v2\/pages"}],"about":[{"href":"https:\/\/www.autoflimmern.de\/index.php?rest_route=\/wp\/v2\/types\/page"}],"author":[{"embeddable":true,"href":"https:\/\/www.autoflimmern.de\/index.php?rest_route=\/wp\/v2\/users\/1"}],"replies":[{"embeddable":true,"href":"https:\/\/www.autoflimmern.de\/index.php?rest_route=%2Fwp%2Fv2%2Fcomments&post=44"}],"version-history":[{"count":21,"href":"https:\/\/www.autoflimmern.de\/index.php?rest_route=\/wp\/v2\/pages\/44\/revisions"}],"predecessor-version":[{"id":4746,"href":"https:\/\/www.autoflimmern.de\/index.php?rest_route=\/wp\/v2\/pages\/44\/revisions\/4746"}],"wp:featuredmedia":[{"embeddable":true,"href":"https:\/\/www.autoflimmern.de\/index.php?rest_route=\/wp\/v2\/media\/45"}],"wp:attachment":[{"href":"https:\/\/www.autoflimmern.de\/index.php?rest_route=%2Fwp%2Fv2%2Fmedia&parent=44"}],"curies":[{"name":"wp","href":"https:\/\/api.w.org\/{rel}","templated":true}]}}